{"id":2,"date":"2021-08-16T16:08:34","date_gmt":"2021-08-16T20:08:34","guid":{"rendered":"https:\/\/www.transportlouispouliot.com\/?page_id=2"},"modified":"2024-10-21T10:54:44","modified_gmt":"2024-10-21T14:54:44","slug":"accueil","status":"publish","type":"page","link":"https:\/\/www.transportlouispouliot.com\/fr\/","title":{"rendered":"Accueil"},"content":{"rendered":"<div class=\"accueil\">\n<section class=\"h1-container video\">\n<div class=\"container\">\n<div class=\"row\">\n<div class=\"col-12 col-lg-8 col-xl-7 col-xxl-6 mx-auto mx-xl-0\">\n<div class=\"lc-block\">\n<div lc-helper=\"shortcode\" class=\"live-shortcode\"><div class=\"h1-div\"><h1>Transport<br class=\"d-md-none\"> Louis Pouliot<strong>Transport local le jour m\u00eame sur toute <br \/>\n\t\t\t\t\t\t\tla r\u00e9gion m\u00e9tropolitaine de Montr\u00e9al<br \/>\n\t\t\t\t\t\t\t<\/strong><\/h1><a class=\"contact btn\" href=\"https:\/\/www.transportlouispouliot.com\/fr\/estimation\/\" aria-label=\"Demandez une estimation\">Demandez une estimation<\/a><\/div><\/div>\n<\/p><\/div>\n<p><!-- \/lc-block -->\n\t\t\t\t<\/div>\n<p><!-- \/col -->\n\t\t\t<\/div>\n<\/p><\/div>\n<\/section>\n<section class=\"text-container\">\n<div class=\"container\">\n<div class=\"row\">\n<div class=\"col-12 col-xl-7\">\n<div class=\"lc-block\">\n<div editable=\"rich\">\n<h2>Transport commercial et industriel \u00e0 Montr\u00e9al<\/h2>\n<p>Quelle que soit la taille de votre entreprise et de votre \u00e9quipe, Transport Louis Pouliot vous offre une gamme compl\u00e8te de services de transport sp\u00e9cialis\u00e9s r\u00e9pondant \u00e0 vos besoins et budgets avec un service exemplaire au meilleur rapport qualit\u00e9-prix \u00e0 Montr\u00e9al. <\/p>\n<p>Chez Transport Louis Pouliot, nous mettons \u00e0 votre disposition une flotte adapt\u00e9e au transport routier local pour des \u00e9quipements, de la mati\u00e8re recyclable et tout autre transport commercial n\u00e9cessaire \u00e0 votre activit\u00e9. <\/p>\n<p>Notre \u00e9quipe de transporteurs professionnels est disponible pour prendre en charge vos livraisons rapides et urgentes le jour m\u00eame \u00e0 Montr\u00e9al ainsi que vos transports planifi\u00e9s selon vos engagements et besoins pr\u00e9\u00e9tablis. <\/p>\n<p>Chez Transport Louis Pouliot, nous desservons toute la r\u00e9gion m\u00e9tropolitaine de Montr\u00e9al et plus particuli\u00e8rement le Grand Montr\u00e9al, Laval, Saint-J\u00e9r\u00f4me, Rive Sud, Saint-Hyacinthe, Saint-Jean sur Richelieu et Salaberry-de-Valleyfield. <\/p>\n<p>Pour plus de renseignements sur nos services, appelez-nous au 450 429-2525 ou faites-nous parvenir votre demande d\u2019estimation en ligne.<\/p>\n<\/p><\/div>\n<\/p><\/div>\n<p><!-- \/lc-block --><\/p>\n<div class=\"lc-block\">\n<div lc-helper=\"shortcode\" class=\"live-shortcode\"><a class=\"contact btn\" href=\"https:\/\/www.transportlouispouliot.com\/fr\/estimation\/\" aria-label=\"Demandez une estimation\">Demandez une estimation<\/a><\/div>\n<\/p><\/div>\n<p><!-- \/lc-block -->\n\t\t\t\t<\/div>\n<p><!-- \/col --><\/p>\n<div class=\"col-xl-5 d-none d-xl-block\">\n<div class=\"lc-block side-image-right\">\n\t\t\t\t\t\t<picture><source srcset=\"https:\/\/www.transportlouispouliot.com\/wp-content\/uploads\/2021\/09\/tlp-img1-home.webp\" type=\"image\/webp\"><picture><source srcset=\"https:\/\/www.transportlouispouliot.com\/wp-content\/uploads\/2021\/09\/tlp-img1-home.webp\" type=\"image\/webp\"><img decoding=\"async\" class=\"img-fluid\" src=\"https:\/\/www.transportlouispouliot.com\/wp-content\/uploads\/2021\/09\/tlp-img1-home.jpg\" alt=\"\"><\/picture><\/picture>\n\t\t\t\t\t<\/div>\n<p><!-- \/lc-block -->\n\t\t\t\t<\/div>\n<p><!-- \/col -->\n\t\t\t<\/div>\n<\/p><\/div>\n<\/section>\n<section class=\"text-container\">\n<div class=\"container\">\n<div class=\"row\">\n<div class=\"col-xl-6 col-xxl-7 d-none d-xl-block\">\n<div class=\"lc-block side-image-left\">\n\t\t\t\t\t\t<picture><source srcset=\"https:\/\/www.transportlouispouliot.com\/wp-content\/uploads\/2021\/08\/Page1_2eme.webp\" type=\"image\/webp\"><picture><source srcset=\"https:\/\/www.transportlouispouliot.com\/wp-content\/uploads\/2021\/08\/Page1_2eme.webp\" type=\"image\/webp\"><img decoding=\"async\" class=\"img-fluid\" src=\"https:\/\/www.transportlouispouliot.com\/wp-content\/uploads\/2021\/08\/Page1_2eme.png\" alt=\"\"><\/picture><\/picture>\n\t\t\t\t\t<\/div>\n<p><!-- \/lc-block -->\n\t\t\t\t<\/div>\n<p><!-- \/col --><\/p>\n<div class=\"col-12 col-xl-6 col-xxl-5\">\n<div class=\"lc-block\">\n<div editable=\"rich\">\n<p>Chez Transport Louis Pouliot, nos services de transports locaux s\u2019adressent \u00e0 tous les professionnels, quels que soient leurs domaines d\u2019activit\u00e9, besoins et budget dans la r\u00e9gion m\u00e9tropolitaine de Montr\u00e9al. Nous fournissons un service adapt\u00e9 et personnalis\u00e9 aux entreprises de la r\u00e9gion pour tout type de transport, et ce dans la m\u00eame journ\u00e9e de leur demande.<\/p>\n<ul>\n<li>Transport de marchandises g\u00e9n\u00e9rales<\/li>\n<li>Transport d\u2019\u00e9quipements<\/li>\n<li>Transport de bois, papier et toutes mati\u00e8res recyclables<\/li>\n<li>Location de remorque<\/li>\n<\/ul>\n<p>Vous avez des questions, appelez-nous au 450 429-2525 ou faites-nous parvenir votre demande d\u2019information.<\/p>\n<\/p><\/div>\n<\/p><\/div>\n<p><!-- \/lc-block --><\/p>\n<div class=\"lc-block\">\n<div lc-helper=\"shortcode\" class=\"live-shortcode\"><a class=\"contact btn\" href=\"https:\/\/www.transportlouispouliot.com\/fr\/contactez-nous\/\" aria-label=\"Demande d\u2019information\">Demande d\u2019information<\/a><\/div>\n<\/p><\/div>\n<p><!-- \/lc-block -->\n\t\t\t\t<\/div>\n<p><!-- \/col -->\n\t\t\t<\/div>\n<\/p><\/div>\n<\/section>\n<section class=\"text-container\">\n<div class=\"container\">\n<div class=\"row\">\n<div class=\"col-12 col-xl-7\">\n<div class=\"lc-block\">\n<div editable=\"rich\">\n<h2>Quelles exigences r\u00e9glementaires pour le transport commercial et industriel local \u00e0 Montr\u00e9al et les envirions?<\/h2>\n<p>Au Qu\u00e9bec, le transport local commercial et industriel doit se conformer aux lois et r\u00e8glements de la province qui concerne ce service.<\/p>\n<p>Pour vous concentrer sur votre activit\u00e9 et expertise, confiez le transport local de vos \u00e9quipements, marchandises, mati\u00e8res recyclables et tous autres besoins de transport \u00e0 Transport Louis Pouliot, expert depuis plus de 25 ans en transport local pour les entreprises de la r\u00e9gion de Montr\u00e9al.<\/p>\n<p>Notre \u00e9quipe de professionnels du transport routier local r\u00e9pond \u00e0 vos demandes tout en respectant les r\u00e8gles et normes en vigueur avec une discr\u00e9tion totale et un service courtois.<\/p>\n<p>Faites-nous part de vos besoins en transport routier local, nous nous occuperons du reste.<\/p>\n<\/p><\/div>\n<\/p><\/div>\n<p><!-- \/lc-block --><\/p>\n<div class=\"lc-block\">\n<div lc-helper=\"shortcode\" class=\"live-shortcode\"><a class=\"contact btn\" href=\"https:\/\/www.transportlouispouliot.com\/fr\/estimation\/\" aria-label=\"Demandez une soumission\">Demandez une soumission<\/a><\/div>\n<\/p><\/div>\n<p><!-- \/lc-block -->\n\t\t\t\t<\/div>\n<p><!-- \/col --><\/p>\n<div class=\"col-xl-5 d-none d-xl-block\">\n<div class=\"lc-block side-image-right\">\n\t\t\t\t\t\t<picture><source srcset=\"https:\/\/www.transportlouispouliot.com\/wp-content\/uploads\/2021\/08\/Page1_3eme.webp\" type=\"image\/webp\"><picture><source srcset=\"https:\/\/www.transportlouispouliot.com\/wp-content\/uploads\/2021\/08\/Page1_3eme.webp\" type=\"image\/webp\"><img decoding=\"async\" class=\"img-fluid\" src=\"https:\/\/www.transportlouispouliot.com\/wp-content\/uploads\/2021\/08\/Page1_3eme.png\" alt=\"\"><\/picture><\/picture>\n\t\t\t\t\t<\/div>\n<p><!-- \/lc-block -->\n\t\t\t\t<\/div>\n<p><!-- \/col -->\n\t\t\t<\/div>\n<\/p><\/div>\n<\/section>\n<\/div>\n","protected":false},"excerpt":{"rendered":"<p>Transport commercial et industriel \u00e0 Montr\u00e9al Quelle que soit la taille de votre entreprise et de votre \u00e9quipe, Transport Louis Pouliot vous offre une gamme compl\u00e8te de services de transport sp\u00e9cialis\u00e9s r\u00e9pondant \u00e0 vos besoins et budgets avec un service exemplaire au meilleur rapport qualit\u00e9-prix \u00e0 Montr\u00e9al. Chez Transport Louis Pouliot, nous mettons \u00e0 votre [&hellip;]<\/p>\n","protected":false},"author":1,"featured_media":0,"parent":0,"menu_order":0,"comment_status":"closed","ping_status":"closed","template":"page-templates\/empty.php","meta":{"footnotes":""},"class_list":["post-2","page","type-page","status-publish","hentry"],"_links":{"self":[{"href":"https:\/\/www.transportlouispouliot.com\/fr\/wp-json\/wp\/v2\/pages\/2","targetHints":{"allow":["GET"]}}],"collection":[{"href":"https:\/\/www.transportlouispouliot.com\/fr\/wp-json\/wp\/v2\/pages"}],"about":[{"href":"https:\/\/www.transportlouispouliot.com\/fr\/wp-json\/wp\/v2\/types\/page"}],"author":[{"embeddable":true,"href":"https:\/\/www.transportlouispouliot.com\/fr\/wp-json\/wp\/v2\/users\/1"}],"replies":[{"embeddable":true,"href":"https:\/\/www.transportlouispouliot.com\/fr\/wp-json\/wp\/v2\/comments?post=2"}],"version-history":[{"count":47,"href":"https:\/\/www.transportlouispouliot.com\/fr\/wp-json\/wp\/v2\/pages\/2\/revisions"}],"predecessor-version":[{"id":27323,"href":"https:\/\/www.transportlouispouliot.com\/fr\/wp-json\/wp\/v2\/pages\/2\/revisions\/27323"}],"wp:attachment":[{"href":"https:\/\/www.transportlouispouliot.com\/fr\/wp-json\/wp\/v2\/media?parent=2"}],"curies":[{"name":"wp","href":"https:\/\/api.w.org\/{rel}","templated":true}]}}