{"id":10,"date":"2021-08-17T11:44:00","date_gmt":"2021-08-17T15:44:00","guid":{"rendered":"https:\/\/www.transportlouispouliot.com\/?page_id=10"},"modified":"2025-07-02T10:38:37","modified_gmt":"2025-07-02T14:38:37","slug":"a-propos","status":"publish","type":"page","link":"https:\/\/www.transportlouispouliot.com\/fr\/a-propos\/","title":{"rendered":"\u00c0 propos"},"content":{"rendered":"<div class=\"a-propos\">\n<section class=\"h1-container\">\n<div class=\"container\">\n<div class=\"row justify-content-center justify-content-xl-start\">\n<div class=\"col-auto\">\n<div class=\"lc-block\">\n<div lc-helper=\"shortcode\" class=\"live-shortcode\"><div class=\"h1-div\"><h1>Transport<br class=\"d-md-none\"> Louis Pouliot<strong>Transport local de marchandises dans<br \/> la r\u00e9gion m\u00e9tropolitaine de Montr\u00e9al<\/strong><\/h1><a class=\"contact btn\" href=\"https:\/\/www.transportlouispouliot.com\/fr\/estimation\/\" aria-label=\"Demandez une estimation\">Demandez une estimation<\/a><\/div><\/div>\n<\/p><\/div>\n<p><!-- \/lc-block -->\n\t\t\t\t<\/div>\n<p><!-- \/col -->\n\t\t\t<\/div>\n<\/p><\/div>\n<\/section>\n<section class=\"text-container overflow-scroll\">\n<div class=\"container\">\n<div class=\"row\">\n<div class=\"col-12 col-xl-7 order-2 order-xl-first\">\n<div class=\"lc-block\">\n<div editable=\"rich\">\n<h2>Transport Louis Pouliot au service des industries et commer\u00e7ants de la r\u00e9gion m\u00e9tropolitaine de Montr\u00e9al.<\/h2>\n<p>Transport Louis Pouliot existe depuis 1997. Monsieur Louis Pouliot a acquis une exp\u00e9rience et une comp\u00e9tence au fil des ann\u00e9es.<\/p>\n<p>D\u2019abord en qualit\u00e9 de chauffeur chez Transport Dion Inc. et par la suite il a \u00e9t\u00e9 promu directeur des op\u00e9rations.<\/p>\n<p>La compagnie Transport Louis Pouliot Inc. a \u00e9t\u00e9 le transporteur pour des entreprises majeures comme Domtar, Cascades, Sonoco, Norampac et Rockten.<\/p>\n<p>Dans le domaine du recyclage, il a aussi cr\u00e9\u00e9 la soci\u00e9t\u00e9 Recyclage la Foresti\u00e8re en 1997, qu\u2019il a vendue en 2009.<\/p>\n<\/p><\/div>\n<\/p><\/div>\n<p><!-- \/lc-block --><br \/>\n\t\t\t\t\t<!-- \/lc-block -->\n\t\t\t\t<\/div>\n<p><!-- \/col --><\/p>\n<div class=\"col-12 col-xl-5 order-first order-xl-2\">\n<div class=\"lc-block side-image-right\">\n<div class=\"embed-responsive embed-responsive-16by9 mb-4 mb-xl-0\" lc-helper=\"video-embed\">\n\t\t\t\t\t\t\t<iframe class=\"embed-responsive-item\" src=\"https:\/\/www.youtube.com\/embed\/sT0GeEoJhvA\"><\/iframe>\n\t\t\t\t\t\t<\/div>\n<\/p><\/div>\n<p><!-- \/lc-block --><br \/>\n\t\t\t\t\t<!-- \/lc-block -->\n\t\t\t\t<\/div>\n<p><!-- \/col --><\/p>\n<div class=\"col-12 order-last\">\n<div class=\"lc-block\">\n<div editable=\"rich\">\n<p>Depuis 2003, M. Pouliot fait du transport pour la compagnie Kruger au niveau de la r\u00e9cup\u00e9ration de diff\u00e9rentes mati\u00e8res premi\u00e8res recyclables pour la transformation en divers produits de consommation.<\/p>\n<p>En octobre 2012, Kruger a augment\u00e9 de fa\u00e7on substantielle sa demande de production \u00e0 Transport Louis Pouliot Inc. pour ses usines.<\/p>\n<p>L\u2019entreprise est pr\u00eate \u00e0 relever le d\u00e9fi avec une \u00e9quipe comp\u00e9tente qui a le souci de la qualit\u00e9 du service, de la s\u00e9curit\u00e9 et de la propret\u00e9 dans son domaine reli\u00e9 au transport.<\/p>\n<\/p><\/div>\n<\/p><\/div>\n<p><!-- \/lc-block --><\/p>\n<div class=\"lc-block\">\n<div lc-helper=\"shortcode\" class=\"live-shortcode\"><a class=\"contact btn\" href=\"https:\/\/www.transportlouispouliot.com\/fr\/estimation\/\" aria-label=\"Demandez une estimation\">Demandez une estimation<\/a><\/div>\n<\/p><\/div>\n<p><!-- \/lc-block -->\n\t\t\t\t<\/div>\n<p><!-- \/col -->\n\t\t\t<\/div>\n<\/p><\/div>\n<\/section>\n<section class=\"text-container\">\n<div class=\"container\">\n<div class=\"row\">\n<div class=\"col-xl-6 d-none d-xl-block\">\n<div class=\"lc-block side-image-left\">\n\t\t\t\t\t\t<picture><source srcset=\"https:\/\/www.transportlouispouliot.com\/wp-content\/uploads\/2021\/09\/propos-img.webp\" type=\"image\/webp\"><picture><source srcset=\"https:\/\/www.transportlouispouliot.com\/wp-content\/uploads\/2021\/09\/propos-img.webp\" type=\"image\/webp\"><picture><source srcset=\"https:\/\/www.transportlouispouliot.com\/wp-content\/uploads\/2021\/09\/propos-img.webp\" type=\"image\/webp\"><img decoding=\"async\" class=\"img-fluid\" src=\"https:\/\/www.transportlouispouliot.com\/wp-content\/uploads\/2021\/09\/propos-img.jpg\" alt=\"\"><\/picture><\/picture><\/picture>\n\t\t\t\t\t<\/div>\n<p><!-- \/lc-block -->\n\t\t\t\t<\/div>\n<p><!-- \/col --><\/p>\n<div class=\"col-12 col-xl-6\">\n<div class=\"lc-block\">\n<div editable=\"rich\">\n<h2>Mission de Transport Louis Pouliot<\/h2>\n<p>Transport Louis Pouliot a pour mission d\u2019offrir aux industriels et commer\u00e7ants de la r\u00e9gion m\u00e9tropolitaine de Montr\u00e9al une gamme compl\u00e8te de services de transport local routier avec un excellent rapport qualit\u00e9-prix r\u00e9pondant aux besoins et budgets de tous.<\/p>\n<p>Nos clients nous font confiance pour la logistique et le transport de leurs marchandises, mati\u00e8res premi\u00e8res et mati\u00e8res recyclables pour se concentrer sur leurs domaines d\u2019activit\u00e9s et expertises.<\/p>\n<p>Durant toutes ces ann\u00e9es, Transport Louis Pouliot a d\u00e9velopp\u00e9 une flotte de camions et remorques pour le service de transport local et routier de ses clients.<\/p>\n<\/p><\/div>\n<\/p><\/div>\n<p><!-- \/lc-block --><\/p>\n<div class=\"lc-block\">\n<div lc-helper=\"shortcode\" class=\"live-shortcode\"><a class=\"contact btn\" href=\"https:\/\/www.transportlouispouliot.com\/fr\/contactez-nous\/\" aria-label=\"Demande d\u2019information\">Demande d\u2019information<\/a><\/div>\n<\/p><\/div>\n<p><!-- \/lc-block -->\n\t\t\t\t<\/div>\n<p><!-- \/col -->\n\t\t\t<\/div>\n<\/p><\/div>\n<\/section>\n<section class=\"text-container\">\n<div class=\"container\">\n<div class=\"row\">\n<div class=\"col-12 col-xl-6\">\n<div class=\"lc-block\">\n<div editable=\"rich\">\n<h2>Pourquoi choisir les services Transport&nbsp;Louis&nbsp;Pouliot<\/h2>\n<p>Transport Louis Pouliot est un fier leader du transport routier local dans la r\u00e9gion m\u00e9tropolitaine de Montr\u00e9al et a su d\u00e9velopper des services favorisant la r\u00e9ussite et la tranquillit\u00e9 d\u2019esprits de ses clients, qui sont des industriels et commer\u00e7ants dans la r\u00e9gion m\u00e9tropolitaine de Montr\u00e9al.<\/p>\n<p>Avec une flotte de plus de 40 camions et 60 remorques \u00e0 votre service ainsi qu\u2019une \u00e9quipe multidisciplinaire de plus de 40 employ\u00e9s, Transport Louis Pouliot saura r\u00e9pondre \u00e0 vos besoins en transport local routier.<\/p>\n<p>Nos m\u00e9caniciens permanents assurent l\u2019entretien et le contr\u00f4le de notre flotte pour un service s\u00e9curitaire et continu.<\/p>\n<p>Chez Transport Louis Pouliot, nous offrons un service de livraison le jour m\u00eame de votre demande pour tous vos besoins de livraison rapide et urgente. Un service personnalis\u00e9 et adapt\u00e9 \u00e0 votre activit\u00e9.<\/p>\n<p>Pour en savoir plus sur nos avantages et services, appelez-nous au 450 429-2525 ou faites-nous parvenir votre demande d\u2019information.<\/p>\n<\/p><\/div>\n<\/p><\/div>\n<p><!-- \/lc-block --><\/p>\n<div class=\"lc-block\">\n<div lc-helper=\"shortcode\" class=\"live-shortcode\"><a class=\"contact btn\" href=\"https:\/\/www.transportlouispouliot.com\/fr\/contactez-nous\/\" aria-label=\"Demande d\u2019information\">Demande d\u2019information<\/a><\/div>\n<\/p><\/div>\n<p><!-- \/lc-block -->\n\t\t\t\t<\/div>\n<p><!-- \/col --><\/p>\n<div class=\"col-xl-6 d-none d-xl-block\">\n<div class=\"lc-block side-image-right\">\n\t\t\t\t\t\t<picture><source srcset=\"https:\/\/www.transportlouispouliot.com\/wp-content\/uploads\/2021\/08\/Page2_3eme.webp\" type=\"image\/webp\"><picture><source srcset=\"https:\/\/www.transportlouispouliot.com\/wp-content\/uploads\/2021\/08\/Page2_3eme.webp\" type=\"image\/webp\"><picture><source srcset=\"https:\/\/www.transportlouispouliot.com\/wp-content\/uploads\/2021\/08\/Page2_3eme.webp\" type=\"image\/webp\"><img decoding=\"async\" class=\"img-fluid\" src=\"https:\/\/www.transportlouispouliot.com\/wp-content\/uploads\/2021\/08\/Page2_3eme.png\" alt=\"\"><\/picture><\/picture><\/picture>\n\t\t\t\t\t<\/div>\n<p><!-- \/lc-block -->\n\t\t\t\t<\/div>\n<p><!-- \/col -->\n\t\t\t<\/div>\n<\/p><\/div>\n<\/section>\n<\/div>\n","protected":false},"excerpt":{"rendered":"<p>Transport Louis Pouliot au service des industries et commer\u00e7ants de la r\u00e9gion m\u00e9tropolitaine de Montr\u00e9al. Transport Louis Pouliot existe depuis 1997. Monsieur Louis Pouliot a acquis une exp\u00e9rience et une comp\u00e9tence au fil des ann\u00e9es. D\u2019abord en qualit\u00e9 de chauffeur chez Transport Dion Inc. et par la suite il a \u00e9t\u00e9 promu directeur des op\u00e9rations. [&hellip;]<\/p>\n","protected":false},"author":1,"featured_media":0,"parent":0,"menu_order":0,"comment_status":"closed","ping_status":"closed","template":"","meta":{"footnotes":""},"class_list":["post-10","page","type-page","status-publish","hentry"],"_links":{"self":[{"href":"https:\/\/www.transportlouispouliot.com\/fr\/wp-json\/wp\/v2\/pages\/10","targetHints":{"allow":["GET"]}}],"collection":[{"href":"https:\/\/www.transportlouispouliot.com\/fr\/wp-json\/wp\/v2\/pages"}],"about":[{"href":"https:\/\/www.transportlouispouliot.com\/fr\/wp-json\/wp\/v2\/types\/page"}],"author":[{"embeddable":true,"href":"https:\/\/www.transportlouispouliot.com\/fr\/wp-json\/wp\/v2\/users\/1"}],"replies":[{"embeddable":true,"href":"https:\/\/www.transportlouispouliot.com\/fr\/wp-json\/wp\/v2\/comments?post=10"}],"version-history":[{"count":52,"href":"https:\/\/www.transportlouispouliot.com\/fr\/wp-json\/wp\/v2\/pages\/10\/revisions"}],"predecessor-version":[{"id":27335,"href":"https:\/\/www.transportlouispouliot.com\/fr\/wp-json\/wp\/v2\/pages\/10\/revisions\/27335"}],"wp:attachment":[{"href":"https:\/\/www.transportlouispouliot.com\/fr\/wp-json\/wp\/v2\/media?parent=10"}],"curies":[{"name":"wp","href":"https:\/\/api.w.org\/{rel}","templated":true}]}}