{"id":1358,"date":"2021-10-25T10:22:50","date_gmt":"2021-10-25T14:22:50","guid":{"rendered":"https:\/\/www.transportlouispouliot.com\/?page_id=1358"},"modified":"2024-10-21T11:06:00","modified_gmt":"2024-10-21T15:06:00","slug":"our-services","status":"publish","type":"page","link":"https:\/\/www.transportlouispouliot.com\/en\/our-services\/","title":{"rendered":"Our services"},"content":{"rendered":"<div class=\"services\">\n<section class=\"h1-container\">\n<div class=\"container\">\n<div class=\"row justify-content-center justify-content-xl-start\">\n<div class=\"col-auto\">\n<div class=\"lc-block\">\n<div lc-helper=\"shortcode\" class=\"live-shortcode\"><div class=\"h1-div\"><h1>Transport<br class=\"d-md-none\"> Louis Pouliot<strong>Same day road transport<br \/> Greater Montreal Area<\/strong><\/h1><a class=\"contact btn\" href=\"https:\/\/www.transportlouispouliot.com\/fr\/estimation\/\" aria-label=\"Request a quote\">Request a quote<\/a><\/div><\/div>\n<\/p><\/div>\n<p><!-- \/lc-block -->\n\t\t\t\t<\/div>\n<p><!-- \/col -->\n\t\t\t<\/div>\n<\/p><\/div>\n<\/section>\n<section class=\"text-container\">\n<div class=\"container\">\n<div class=\"row\">\n<div class=\"col-12 col-xl-6\">\n<div class=\"lc-block\">\n<div editable=\"rich\">\n<h2>Local road transportation around Montreal<\/h2>\n<p>At Transport Louis Pouliot, we respond to industrial, commercial, and agricultural transportation needs throughout the Greater Montreal Area and more specifically the Greater Montreal, Laval, Saint-J\u00e9r\u00f4me, South Shore, Sainte-Hyacinthe, Saint-Jean sur Richelieu and Salaberry-de-Valleyfield.<\/p>\n<\/p><\/div>\n<\/p><\/div>\n<p><!-- \/lc-block --><\/p>\n<div class=\"row\">\n<div class=\"col-12 col-md-4\">\n<div editable=\"rich\" class=\"service-icon\">\n\t\t\t\t\t\t\t\t<img decoding=\"async\" src=\"https:\/\/www.transportlouispouliot.com\/wp-content\/themes\/yannickweb-child\/assets\/images\/main-service-icon.png\" class=\"mx-auto d-block\" alt=\"\"><\/p>\n<p>Professional and courteous service at the best value for money<\/p>\n<\/p><\/div>\n<\/p><\/div>\n<div class=\"col-12 col-md-4\">\n<div editable=\"rich\" class=\"service-icon\">\n\t\t\t\t\t\t\t\t<img decoding=\"async\" src=\"https:\/\/www.transportlouispouliot.com\/wp-content\/themes\/yannickweb-child\/assets\/images\/mise-a-jour-icon.png\" class=\"mx-auto d-block\" alt=\"\"><\/p>\n<p>Same day service<\/p>\n<\/p><\/div>\n<\/p><\/div>\n<div class=\"col-12 col-md-4\">\n<div editable=\"rich\" class=\"service-icon\">\n\t\t\t\t\t\t\t\t<img decoding=\"async\" src=\"https:\/\/www.transportlouispouliot.com\/wp-content\/themes\/yannickweb-child\/assets\/images\/location-icon.png\" class=\"mx-auto d-block\" alt=\"\"><\/p>\n<p>Trailer rental and personalized service<\/p>\n<\/p><\/div>\n<\/p><\/div>\n<\/p><\/div>\n<div class=\"lc-block\">\n<div lc-helper=\"shortcode\" class=\"live-shortcode\"><a class=\"contact btn\" href=\"https:\/\/www.transportlouispouliot.com\/fr\/estimation\/\" aria-label=\"Get a quote\">Get a quote<\/a><\/div>\n<\/p><\/div>\n<p><!-- \/lc-block -->\n\t\t\t\t<\/div>\n<p><!-- \/col --><\/p>\n<div class=\"col-xl-6 d-none d-xl-block\">\n<div class=\"lc-block side-image-right\">\n\t\t\t\t\t\t<picture><source srcset=\"https:\/\/www.transportlouispouliot.com\/wp-content\/uploads\/2021\/09\/Page3_1ere-1.webp\" type=\"image\/webp\"><picture><source srcset=\"https:\/\/www.transportlouispouliot.com\/wp-content\/uploads\/2021\/09\/Page3_1ere-1.webp\" type=\"image\/webp\"><img decoding=\"async\" class=\"img-fluid\" src=\"https:\/\/www.transportlouispouliot.com\/wp-content\/uploads\/2021\/09\/Page3_1ere-1.jpg\" alt=\"\"><\/picture><\/picture>\n\t\t\t\t\t<\/div>\n<p><!-- \/lc-block -->\n\t\t\t\t<\/div>\n<p><!-- \/col -->\n\t\t\t<\/div>\n<\/p><\/div>\n<\/section>\n<section class=\"text-container\">\n<div class=\"container\">\n<div class=\"row\">\n<div class=\"col-xl-6 d-none d-xl-block\">\n<div class=\"lc-block side-image-left\">\n\t\t\t\t\t\t<picture><source srcset=\"https:\/\/www.transportlouispouliot.com\/wp-content\/uploads\/2021\/08\/Page3_2eme.webp\" type=\"image\/webp\"><picture><source srcset=\"https:\/\/www.transportlouispouliot.com\/wp-content\/uploads\/2021\/08\/Page3_2eme.webp\" type=\"image\/webp\"><img decoding=\"async\" class=\"img-fluid\" src=\"https:\/\/www.transportlouispouliot.com\/wp-content\/uploads\/2021\/08\/Page3_2eme.png\" alt=\"\"><\/picture><\/picture>\n\t\t\t\t\t<\/div>\n<p><!-- \/lc-block -->\n\t\t\t\t<\/div>\n<p><!-- \/col --><\/p>\n<div class=\"col-12 col-xl-6\">\n<div class=\"lc-block\">\n<div editable=\"rich\">\n<h2>General freight transportation in and around Montreal<\/h2>\n<p>At Transport Louis Pouliot, we transport all goods by providing you with our trucks and trailers throughout the Montreal metropolitan area.<\/p>\n<p>Whatever your field and industry, delegate the transport of goods from your warehouse to the destination of your choice to a trained and supervised team to provide you with a courteous, punctual, and safe service.<\/p>\n<p>Describe your freight transportation needs in Montreal, and we will respond with an estimate of the most appropriate and personalized service to make your job easier and let you focus on your trade.<\/p>\n<\/p><\/div>\n<\/p><\/div>\n<p><!-- \/lc-block --><\/p>\n<div class=\"lc-block\">\n<div lc-helper=\"shortcode\" class=\"live-shortcode\"><a class=\"contact btn\" href=\"https:\/\/www.transportlouispouliot.com\/fr\/estimation\/\" aria-label=\"Request a quote\">Request a quote<\/a><\/div>\n<\/p><\/div>\n<p><!-- \/lc-block -->\n\t\t\t\t<\/div>\n<p><!-- \/col -->\n\t\t\t<\/div>\n<\/p><\/div>\n<\/section>\n<section class=\"text-container\">\n<div class=\"container\">\n<div class=\"row\">\n<div class=\"col-12 col-xl-6\">\n<div class=\"lc-block\">\n<div editable=\"rich\">\n<h2>Transportation of equipment to and around Montreal<\/h2>\n<p>At Transport Louis Pouliot, we offer a specialized equipment or machinery transportation service to businesses, industries, and agriculture in the Montreal metropolitan area.<\/p>\n<p>Our team of professional drivers can provide safe and timely service with a fleet of trucks and trailers.<\/p>\n<p>For any information request about our local recyclable material transport service, call us at 450 429-2525 or send us your information request.<\/p>\n<\/p><\/div>\n<\/p><\/div>\n<p><!-- \/lc-block --><\/p>\n<div class=\"lc-block\">\n<div lc-helper=\"shortcode\" class=\"live-shortcode\"><a class=\"contact btn\" href=\"https:\/\/www.transportlouispouliot.com\/fr\/contactez-nous\/\" aria-label=\"Request a quote\">Request a quote<\/a><\/div>\n<\/p><\/div>\n<p><!-- \/lc-block -->\n\t\t\t\t<\/div>\n<p><!-- \/col --><\/p>\n<div class=\"col-xl-6 d-none d-xl-block\">\n<div class=\"lc-block side-image-right\">\n\t\t\t\t\t\t<picture><source srcset=\"https:\/\/www.transportlouispouliot.com\/wp-content\/uploads\/2021\/08\/Page3_3eme.webp\" type=\"image\/webp\"><picture><source srcset=\"https:\/\/www.transportlouispouliot.com\/wp-content\/uploads\/2021\/08\/Page3_3eme.webp\" type=\"image\/webp\"><img decoding=\"async\" class=\"img-fluid\" src=\"https:\/\/www.transportlouispouliot.com\/wp-content\/uploads\/2021\/08\/Page3_3eme.png\" alt=\"\"><\/picture><\/picture>\n\t\t\t\t\t<\/div>\n<p><!-- \/lc-block -->\n\t\t\t\t<\/div>\n<p><!-- \/col -->\n\t\t\t<\/div>\n<\/p><\/div>\n<\/section>\n<section class=\"text-container\">\n<div class=\"container\">\n<div class=\"row\">\n<div class=\"col-12 col-xl-6\">\n<div class=\"lc-block h-100\">\n<div class=\"camion\">\n\t\t\t\t\t\t\t<img decoding=\"async\" src=\"https:\/\/www.transportlouispouliot.com\/wp-content\/themes\/yannickweb-child\/assets\/images\/camion-icon.png\" class=\"\" alt=\"\"><\/p>\n<p>Transport routier local le jour m\u00eame dans<br \/> toute la r\u00e9gion m\u00e9tropolitaine de Montr\u00e9al assur\u00e9.<\/p>\n<\/p><\/div>\n<\/p><\/div>\n<p><!-- \/lc-block -->\n\t\t\t\t<\/div>\n<p><!-- \/col --><\/p>\n<div class=\"col-12 col-xl-6\">\n<div class=\"lc-block\">\n<div editable=\"rich\">\n<h2>Areas of activity of our clients that need local transportation services<\/h2>\n<ul>\n<li>Foods<\/li>\n<li>Automobile<\/li>\n<li>Construction<\/li>\n<li>Pulp And Paper<\/li>\n<li>Textile<\/li>\n<li>Consumer Goods<\/li>\n<li>Maintenance And Hygiene<\/li>\n<li>Agriculture<\/li>\n<li>Food Processing<\/li>\n<\/ul><\/div>\n<\/p><\/div>\n<p><!-- \/lc-block --><\/p>\n<div class=\"lc-block\">\n<div lc-helper=\"shortcode\" class=\"live-shortcode\"><a class=\"contact btn\" href=\"https:\/\/www.transportlouispouliot.com\/fr\/estimation\/\" aria-label=\"Request A Quote\">Request A Quote<\/a><\/div>\n<\/p><\/div>\n<p><!-- \/lc-block -->\n\t\t\t\t<\/div>\n<p><!-- \/col -->\n\t\t\t<\/div>\n<\/p><\/div>\n<\/section>\n<section class=\"text-container\">\n<div class=\"container\">\n<div class=\"row\">\n<div class=\"col-12 col-xl-6\">\n<div class=\"lc-block\">\n<div editable=\"rich\">\n<h2>Transportation of recyclable materials in and around Montreal<\/h2>\n<p>At Transport Louis Pouliot, we handle the transport of paper, wood, and any recyclable material for our customers to free them from all the logistics, expenses, and means to do so.<\/p>\n<p>Our qualified drivers crisscross the entire Montreal metropolitan area with our trucks to perform the recovery and\/or delivery of recyclable materials according to predetermined planning and routes according to your requirements and needs.<\/p>\n<p>For any information request about our recyclable material local transport service, call us at 450 429-2525 or send us your information request.\n\t\t\t\t\t\t\t<\/p>\n<\/p><\/div>\n<\/p><\/div>\n<p><!-- \/lc-block --><\/p>\n<div class=\"lc-block\">\n<div lc-helper=\"shortcode\" class=\"live-shortcode\"><a class=\"contact btn\" href=\"https:\/\/www.transportlouispouliot.com\/fr\/contactez-nous\/\" aria-label=\"Request for information\">Request for information<\/a><\/div>\n<\/p><\/div>\n<p><!-- \/lc-block -->\n\t\t\t\t<\/div>\n<p><!-- \/col --><\/p>\n<div class=\"col-xl-6 d-none d-xl-block\">\n<div class=\"lc-block side-image-right\">\n\t\t\t\t\t\t<picture><source srcset=\"https:\/\/www.transportlouispouliot.com\/wp-content\/uploads\/2021\/09\/tlp-recyclable-photo.webp\" type=\"image\/webp\"><picture><source srcset=\"https:\/\/www.transportlouispouliot.com\/wp-content\/uploads\/2021\/09\/tlp-recyclable-photo.webp\" type=\"image\/webp\"><img decoding=\"async\" class=\"img-fluid\" src=\"https:\/\/www.transportlouispouliot.com\/wp-content\/uploads\/2021\/09\/tlp-recyclable-photo.png\" alt=\"\"><\/picture><\/picture>\n\t\t\t\t\t<\/div>\n<p><!-- \/lc-block -->\n\t\t\t\t<\/div>\n<p><!-- \/col -->\n\t\t\t<\/div>\n<\/p><\/div>\n<\/section>\n<section class=\"text-container\">\n<div class=\"container\">\n<div class=\"row\">\n<div class=\"col-xl-6 d-none d-xl-block\">\n<div class=\"lc-block side-image-left\">\n\t\t\t\t\t\t<picture><source srcset=\"https:\/\/www.transportlouispouliot.com\/wp-content\/uploads\/2021\/09\/tlp-zone-desservies.webp\" type=\"image\/webp\"><picture><source srcset=\"https:\/\/www.transportlouispouliot.com\/wp-content\/uploads\/2021\/09\/tlp-zone-desservies.webp\" type=\"image\/webp\"><img decoding=\"async\" class=\"img-fluid\" src=\"https:\/\/www.transportlouispouliot.com\/wp-content\/uploads\/2021\/09\/tlp-zone-desservies.png\" alt=\"\"><\/picture><\/picture>\n\t\t\t\t\t<\/div>\n<p><!-- \/lc-block -->\n\t\t\t\t<\/div>\n<p><!-- \/col --><\/p>\n<div class=\"col-12 col-xl-6\">\n<div class=\"lc-block\">\n<div editable=\"rich\">\n<h2>What areas are served by Transport Louis Pouliot<\/h2>\n<p>Transport Louis Pouliot meets the needs of its customers in local road transport and trailer rental in the five major sectors of the Montreal metropolitan area: Laval, Longueuil, Montreal, and its northern and southern crowns.<\/p>\n<p>At Transport Louis Pouliot, we meet your road transport needs between your warehouses, factories, shops, and the main transport infrastructures of Montreal and its surrounding.<\/p>\n<p>Whatever your location and your need for road transport, call us at 450 429-2525 or send us your request for information.<\/p>\n<\/p><\/div>\n<\/p><\/div>\n<p><!-- \/lc-block --><\/p>\n<div class=\"lc-block\">\n<div lc-helper=\"shortcode\" class=\"live-shortcode\"><a class=\"contact btn\" href=\"https:\/\/www.transportlouispouliot.com\/fr\/contactez-nous\/\" aria-label=\"Request for information\">Request for information<\/a><\/div>\n<\/p><\/div>\n<p><!-- \/lc-block -->\n\t\t\t\t<\/div>\n<p><!-- \/col -->\n\t\t\t<\/div>\n<\/p><\/div>\n<\/section>\n<\/div>\n","protected":false},"excerpt":{"rendered":"<p>Local road transportation around Montreal At Transport Louis Pouliot, we respond to industrial, commercial, and agricultural transportation needs throughout the Greater Montreal Area and more specifically the Greater Montreal, Laval, Saint-J\u00e9r\u00f4me, South Shore, Sainte-Hyacinthe, Saint-Jean sur Richelieu and Salaberry-de-Valleyfield. Professional and courteous service at the best value for money Same day service Trailer rental and [&hellip;]<\/p>\n","protected":false},"author":1,"featured_media":0,"parent":0,"menu_order":0,"comment_status":"closed","ping_status":"closed","template":"page-templates\/empty.php","meta":{"footnotes":""},"class_list":["post-1358","page","type-page","status-publish","hentry"],"_links":{"self":[{"href":"https:\/\/www.transportlouispouliot.com\/en\/wp-json\/wp\/v2\/pages\/1358","targetHints":{"allow":["GET"]}}],"collection":[{"href":"https:\/\/www.transportlouispouliot.com\/en\/wp-json\/wp\/v2\/pages"}],"about":[{"href":"https:\/\/www.transportlouispouliot.com\/en\/wp-json\/wp\/v2\/types\/page"}],"author":[{"embeddable":true,"href":"https:\/\/www.transportlouispouliot.com\/en\/wp-json\/wp\/v2\/users\/1"}],"replies":[{"embeddable":true,"href":"https:\/\/www.transportlouispouliot.com\/en\/wp-json\/wp\/v2\/comments?post=1358"}],"version-history":[{"count":7,"href":"https:\/\/www.transportlouispouliot.com\/en\/wp-json\/wp\/v2\/pages\/1358\/revisions"}],"predecessor-version":[{"id":27327,"href":"https:\/\/www.transportlouispouliot.com\/en\/wp-json\/wp\/v2\/pages\/1358\/revisions\/27327"}],"wp:attachment":[{"href":"https:\/\/www.transportlouispouliot.com\/en\/wp-json\/wp\/v2\/media?parent=1358"}],"curies":[{"name":"wp","href":"https:\/\/api.w.org\/{rel}","templated":true}]}}